{"id":6220,"date":"2017-02-07T15:05:55","date_gmt":"2017-02-07T15:05:55","guid":{"rendered":"http:\/\/themenectar.com\/demo\/salient-startup\/?page_id=8"},"modified":"2024-09-17T11:38:35","modified_gmt":"2024-09-17T04:38:35","slug":"lien-he","status":"publish","type":"page","link":"https:\/\/vn.silversea-media.com\/index.php\/lien-he\/","title":{"rendered":"Li\u00ean H\u1ec7"},"content":{"rendered":"[vc_row type=&#8221;full_width_background&#8221; full_screen_row_position=&#8221;middle&#8221; column_margin=&#8221;default&#8221; column_direction=&#8221;default&#8221; column_direction_tablet=&#8221;default&#8221; column_direction_phone=&#8221;default&#8221; bg_color=&#8221;#ffffff&#8221; bg_image=&#8221;https:\/\/source.unsplash.com\/IraMdOH78NE\/1800&#215;600&#8243; bg_position=&#8221;center center&#8221; background_image_loading=&#8221;default&#8221; bg_repeat=&#8221;no-repeat&#8221; scene_position=&#8221;center&#8221; top_padding=&#8221;10%&#8221; bottom_padding=&#8221;10%&#8221; text_color=&#8221;light&#8221; text_align=&#8221;left&#8221; row_border_radius=&#8221;none&#8221; row_border_radius_applies=&#8221;bg&#8221; overflow=&#8221;visible&#8221; color_overlay=&#8221;#0a0a0a&#8221; overlay_strength=&#8221;0.5&#8243; gradient_direction=&#8221;left_to_right&#8221; shape_divider_position=&#8221;bottom&#8221; bg_image_animation=&#8221;none&#8221; parallax_bg=&#8221;true&#8221; parallax_bg_speed=&#8221;fast&#8221;][vc_column column_padding=&#8221;no-extra-padding&#8221; column_padding_tablet=&#8221;inherit&#8221; column_padding_phone=&#8221;inherit&#8221; column_padding_position=&#8221;all&#8221; column_element_spacing=&#8221;default&#8221; background_color_opacity=&#8221;1&#8243; background_hover_color_opacity=&#8221;1&#8243; column_shadow=&#8221;none&#8221; column_border_radius=&#8221;none&#8221; column_link_target=&#8221;_self&#8221; column_position=&#8221;default&#8221; gradient_direction=&#8221;left_to_right&#8221; overlay_strength=&#8221;0.3&#8243; width=&#8221;1\/1&#8243; tablet_width_inherit=&#8221;default&#8221; tablet_text_alignment=&#8221;default&#8221; phone_text_alignment=&#8221;default&#8221; animation_type=&#8221;default&#8221; bg_image_animation=&#8221;none&#8221; border_type=&#8221;simple&#8221; column_border_width=&#8221;none&#8221; column_border_style=&#8221;solid&#8221;][vc_row_inner equal_height=&#8221;yes&#8221; content_placement=&#8221;middle&#8221; column_margin=&#8221;default&#8221; column_direction=&#8221;default&#8221; column_direction_tablet=&#8221;default&#8221; column_direction_phone=&#8221;default&#8221; text_align=&#8221;left&#8221; row_position=&#8221;default&#8221; row_position_tablet=&#8221;inherit&#8221; row_position_phone=&#8221;inherit&#8221; overflow=&#8221;visible&#8221; pointer_events=&#8221;all&#8221;][vc_column_inner column_padding=&#8221;no-extra-padding&#8221; column_padding_tablet=&#8221;inherit&#8221; column_padding_phone=&#8221;inherit&#8221; column_padding_position=&#8221;all&#8221; column_element_spacing=&#8221;default&#8221; background_color_opacity=&#8221;1&#8243; background_hover_color_opacity=&#8221;1&#8243; column_shadow=&#8221;none&#8221; column_border_radius=&#8221;none&#8221; column_link_target=&#8221;_self&#8221; gradient_direction=&#8221;left_to_right&#8221; overlay_strength=&#8221;0.3&#8243; width=&#8221;1\/2&#8243; tablet_width_inherit=&#8221;default&#8221; animation_type=&#8221;default&#8221; enable_animation=&#8221;true&#8221; animation=&#8221;fade-in&#8221; bg_image_animation=&#8221;none&#8221; border_type=&#8221;simple&#8221; column_border_width=&#8221;none&#8221; column_border_style=&#8221;solid&#8221; offset=&#8221;vc_col-lg-6 vc_col-md-6 vc_col-xs-12&#8243;][split_line_heading animation_type=&#8221;line-reveal-by-space&#8221; font_style=&#8221;h1&#8243; line_reveal_by_space_text_effect=&#8221;default&#8221; content_alignment=&#8221;default&#8221; mobile_content_alignment=&#8221;inherit&#8221; link_target=&#8221;_self&#8221; text_content=&#8221;B\u1ea1n \u0111ang c\u1ea7n t\u00ecm \u0111\u1ed1i t\u00e1c tri\u1ec3n khai th\u1ef1c t\u1ebf \u1ea3o ?&#8221;]\n<h3>Send us your feedback<\/h3>\n<h3>We love hearing it!<\/h3>\n[\/split_line_heading][vc_column_text]Silversea Media Vi\u1ec7t Nam l\u00e0 \u0111\u01a1n v\u1ecb c\u00f3 kinh nghi\u1ec7m tri\u1ec3n khai tr\u00ean 500+ d\u1ef1 \u00e1n bao g\u1ed3m nhi\u1ec1u ng\u00e0nh c\u00f4ng nghi\u1ec7p kh\u00e1c nhau nh\u01b0 : b\u00e1n l\u1ebb, gi\u00e1o d\u1ee5c, si\u00eau th\u1ecb &#8211; trung t\u00e2m th\u01b0\u01a1ng m\u1ea1i , <a href=\"https:\/\/vn.silversea-media.com\/giai-phap\/thuc-te-ao-bat-dong-san\/\">b\u1ea5t \u0111\u1ed9ng s\u1ea3n<\/a>, nh\u00e0 m\u00e1y, khu c\u00f4ng nghi\u1ec7p, hi\u1ec7p h\u1ed9i tri\u1ec5n l\u00e3m, s\u1ef1 ki\u1ec7n th\u1ef1c t\u1ebf \u1ea3o[\/vc_column_text][\/vc_column_inner][vc_column_inner column_padding=&#8221;no-extra-padding&#8221; column_padding_tablet=&#8221;inherit&#8221; column_padding_phone=&#8221;inherit&#8221; column_padding_position=&#8221;all&#8221; column_element_spacing=&#8221;default&#8221; background_color_opacity=&#8221;1&#8243; background_hover_color_opacity=&#8221;1&#8243; column_shadow=&#8221;none&#8221; column_border_radius=&#8221;none&#8221; column_link_target=&#8221;_self&#8221; gradient_direction=&#8221;left_to_right&#8221; overlay_strength=&#8221;0.3&#8243; width=&#8221;1\/4&#8243; tablet_width_inherit=&#8221;default&#8221; animation_type=&#8221;default&#8221; bg_image_animation=&#8221;none&#8221; border_type=&#8221;simple&#8221; column_border_width=&#8221;none&#8221; column_border_style=&#8221;solid&#8221; offset=&#8221;vc_hidden-sm vc_hidden-xs&#8221;][\/vc_column_inner][vc_column_inner column_padding=&#8221;padding-6-percent&#8221; column_padding_tablet=&#8221;inherit&#8221; column_padding_phone=&#8221;inherit&#8221; column_padding_position=&#8221;bottom&#8221; column_element_spacing=&#8221;default&#8221; background_color_opacity=&#8221;1&#8243; background_hover_color_opacity=&#8221;1&#8243; column_shadow=&#8221;none&#8221; column_border_radius=&#8221;none&#8221; column_link_target=&#8221;_self&#8221; gradient_direction=&#8221;left_to_right&#8221; overlay_strength=&#8221;0.3&#8243; width=&#8221;1\/4&#8243; tablet_width_inherit=&#8221;default&#8221; animation_type=&#8221;default&#8221; enable_animation=&#8221;true&#8221; animation=&#8221;fade-in-from-bottom&#8221; bg_image_animation=&#8221;none&#8221; border_type=&#8221;simple&#8221; column_border_width=&#8221;none&#8221; column_border_style=&#8221;solid&#8221; offset=&#8221;vc_col-xs-12&#8243;][\/vc_column_inner][\/vc_row_inner][\/vc_column][\/vc_row][vc_row type=&#8221;in_container&#8221; full_screen_row_position=&#8221;middle&#8221; column_margin=&#8221;default&#8221; column_direction=&#8221;default&#8221; column_direction_tablet=&#8221;default&#8221; column_direction_phone=&#8221;default&#8221; scene_position=&#8221;center&#8221; text_color=&#8221;dark&#8221; text_align=&#8221;left&#8221; row_border_radius=&#8221;none&#8221; row_border_radius_applies=&#8221;bg&#8221; overflow=&#8221;visible&#8221; overlay_strength=&#8221;0.3&#8243; gradient_direction=&#8221;left_to_right&#8221; shape_divider_position=&#8221;bottom&#8221; bg_image_animation=&#8221;none&#8221;][vc_column column_padding=&#8221;no-extra-padding&#8221; column_padding_tablet=&#8221;inherit&#8221; column_padding_phone=&#8221;inherit&#8221; column_padding_position=&#8221;all&#8221; column_element_spacing=&#8221;default&#8221; background_color_opacity=&#8221;1&#8243; background_hover_color_opacity=&#8221;1&#8243; column_shadow=&#8221;none&#8221; column_border_radius=&#8221;none&#8221; column_link_target=&#8221;_self&#8221; column_position=&#8221;default&#8221; gradient_direction=&#8221;left_to_right&#8221; overlay_strength=&#8221;0.3&#8243; width=&#8221;1\/1&#8243; tablet_width_inherit=&#8221;default&#8221; tablet_text_alignment=&#8221;default&#8221; phone_text_alignment=&#8221;default&#8221; animation_type=&#8221;default&#8221; bg_image_animation=&#8221;none&#8221; border_type=&#8221;simple&#8221; column_border_width=&#8221;none&#8221; column_border_style=&#8221;solid&#8221;][vc_text_separator title=&#8221;&#8221;][\/vc_column][\/vc_row][vc_row type=&#8221;full_width_content&#8221; full_screen_row_position=&#8221;middle&#8221; column_margin=&#8221;default&#8221; column_direction=&#8221;default&#8221; column_direction_tablet=&#8221;default&#8221; column_direction_phone=&#8221;default&#8221; bg_color=&#8221;#ffffff&#8221; scene_position=&#8221;center&#8221; text_color=&#8221;dark&#8221; text_align=&#8221;left&#8221; row_border_radius=&#8221;none&#8221; row_border_radius_applies=&#8221;bg&#8221; overflow=&#8221;visible&#8221; id=&#8221;#contactbox&#8221; advanced_gradient_angle=&#8221;0&#8243; overlay_strength=&#8221;0.3&#8243; gradient_direction=&#8221;left_to_right&#8221; shape_divider_position=&#8221;bottom&#8221; bg_image_animation=&#8221;none&#8221; gradient_type=&#8221;default&#8221; shape_type=&#8221;&#8221;][vc_column column_padding=&#8221;no-extra-padding&#8221; column_padding_tablet=&#8221;inherit&#8221; column_padding_phone=&#8221;inherit&#8221; column_padding_position=&#8221;all&#8221; column_element_spacing=&#8221;default&#8221; background_color_opacity=&#8221;1&#8243; background_hover_color_opacity=&#8221;1&#8243; column_shadow=&#8221;none&#8221; column_border_radius=&#8221;none&#8221; column_link_target=&#8221;_self&#8221; column_position=&#8221;default&#8221; gradient_direction=&#8221;left_to_right&#8221; overlay_strength=&#8221;0.3&#8243; width=&#8221;1\/1&#8243; tablet_width_inherit=&#8221;default&#8221; tablet_text_alignment=&#8221;default&#8221; phone_text_alignment=&#8221;default&#8221; animation_type=&#8221;default&#8221; bg_image_animation=&#8221;none&#8221; border_type=&#8221;simple&#8221; column_border_width=&#8221;none&#8221; column_border_style=&#8221;solid&#8221;][\/vc_column][\/vc_row][vc_row type=&#8221;in_container&#8221; full_screen_row_position=&#8221;middle&#8221; column_margin=&#8221;default&#8221; column_direction=&#8221;default&#8221; column_direction_tablet=&#8221;default&#8221; column_direction_phone=&#8221;default&#8221; scene_position=&#8221;center&#8221; text_color=&#8221;dark&#8221; text_align=&#8221;left&#8221; row_border_radius=&#8221;none&#8221; row_border_radius_applies=&#8221;bg&#8221; overflow=&#8221;visible&#8221; overlay_strength=&#8221;0.3&#8243; gradient_direction=&#8221;left_to_right&#8221; shape_divider_position=&#8221;bottom&#8221; bg_image_animation=&#8221;none&#8221;][vc_column column_padding=&#8221;no-extra-padding&#8221; column_padding_tablet=&#8221;inherit&#8221; column_padding_phone=&#8221;inherit&#8221; column_padding_position=&#8221;all&#8221; column_element_spacing=&#8221;default&#8221; background_color_opacity=&#8221;1&#8243; background_hover_color_opacity=&#8221;1&#8243; column_shadow=&#8221;none&#8221; column_border_radius=&#8221;none&#8221; column_link_target=&#8221;_self&#8221; column_position=&#8221;default&#8221; gradient_direction=&#8221;left_to_right&#8221; overlay_strength=&#8221;0.3&#8243; width=&#8221;1\/2&#8243; tablet_width_inherit=&#8221;default&#8221; tablet_text_alignment=&#8221;default&#8221; phone_text_alignment=&#8221;default&#8221; animation_type=&#8221;default&#8221; bg_image_animation=&#8221;none&#8221; border_type=&#8221;simple&#8221; column_border_width=&#8221;none&#8221; column_border_style=&#8221;solid&#8221;][vc_raw_html]JTNDc2NyaXB0JTIwZGF0YS1iMjQtZm9ybSUzRCUyMmlubGluZSUyRjM1JTJGMGhha2dzJTIyJTIwZGF0YS1za2lwLW1vdmluZyUzRCUyMnRydWUlMjIlM0UlMEElMjhmdW5jdGlvbiUyOHclMkNkJTJDdSUyOSU3QiUwQXZhciUyMHMlM0RkLmNyZWF0ZUVsZW1lbnQlMjglMjdzY3JpcHQlMjclMjklM0JzLmFzeW5jJTNEdHJ1ZSUzQnMuc3JjJTNEdSUyQiUyNyUzRiUyNyUyQiUyOERhdGUubm93JTI4JTI5JTJGMTgwMDAwJTdDMCUyOSUzQiUwQXZhciUyMGglM0RkLmdldEVsZW1lbnRzQnlUYWdOYW1lJTI4JTI3c2NyaXB0JTI3JTI5JTVCMCU1RCUzQmgucGFyZW50Tm9kZS5pbnNlcnRCZWZvcmUlMjhzJTJDaCUyOSUzQiUwQSU3RCUyOSUyOHdpbmRvdyUyQ2RvY3VtZW50JTJDJTI3aHR0cHMlM0ElMkYlMkZjZG4uYml0cml4MjQuY29tJTJGYjEwNzMwMDY5JTJGY3JtJTJGZm9ybSUyRmxvYWRlcl8zNS5qcyUyNyUyOSUzQiUwQSUzQyUyRnNjcmlwdCUzRQ==[\/vc_raw_html][\/vc_column][\/vc_row]\n","protected":false},"excerpt":{"rendered":"<p>[vc_row type=&#8221;full_width_background&#8221; full_screen_row_position=&#8221;middle&#8221; column_margin=&#8221;default&#8221; column_direction=&#8221;default&#8221; column_direction_tablet=&#8221;default&#8221; column_direction_phone=&#8221;default&#8221; bg_color=&#8221;#ffffff&#8221; bg_image=&#8221;https:\/\/source.unsplash.com\/IraMdOH78NE\/1800&#215;600&#8243; bg_position=&#8221;center center&#8221; background_image_loading=&#8221;default&#8221; bg_repeat=&#8221;no-repeat&#8221; scene_position=&#8221;center&#8221; top_padding=&#8221;10%&#8221; bottom_padding=&#8221;10%&#8221; text_color=&#8221;light&#8221; text_align=&#8221;left&#8221; row_border_radius=&#8221;none&#8221; row_border_radius_applies=&#8221;bg&#8221; overflow=&#8221;visible&#8221; color_overlay=&#8221;#0a0a0a&#8221; overlay_strength=&#8221;0.5&#8243; gradient_direction=&#8221;left_to_right&#8221; shape_divider_position=&#8221;bottom&#8221; bg_image_animation=&#8221;none&#8221; parallax_bg=&#8221;true&#8221; parallax_bg_speed=&#8221;fast&#8221;][vc_column column_padding=&#8221;no-extra-padding&#8221; column_padding_tablet=&#8221;inherit&#8221;&#8230;<\/p>\n","protected":false},"author":1,"featured_media":6264,"parent":0,"menu_order":0,"comment_status":"closed","ping_status":"closed","template":"","meta":{"footnotes":""},"class_list":["post-6220","page","type-page","status-publish","has-post-thumbnail"],"yoast_head":"<!-- This site is optimized with the Yoast SEO plugin v20.11 - https:\/\/yoast.com\/wordpress\/plugins\/seo\/ -->\n<title>Silversea Media Vietnam - \u0110\u1ed1i t\u00e1c tri\u1ec3n khai th\u1ef1c t\u1ebf \u1ea3o web vr -ar app<\/title>\n<meta name=\"description\" content=\"Silversea Media Vi\u1ec7t Nam cung c\u1ea5p m\u1ed9t b\u1ed9 gi\u1ea3i ph\u00e1p Metaverse, AR, VR to\u00e0n di\u1ec7n d\u00e0nh cho doanh nghi\u1ec7p\" \/>\n<meta name=\"robots\" content=\"index, follow, max-snippet:-1, max-image-preview:large, max-video-preview:-1\" \/>\n<link rel=\"canonical\" href=\"https:\/\/vn.silversea-media.com\/index.php\/lien-he\/\" \/>\n<meta property=\"og:locale\" content=\"en_US\" \/>\n<meta property=\"og:type\" content=\"article\" \/>\n<meta property=\"og:title\" content=\"Silversea Media Vietnam - \u0110\u1ed1i t\u00e1c tri\u1ec3n khai th\u1ef1c t\u1ebf \u1ea3o web vr -ar app\" \/>\n<meta property=\"og:description\" content=\"Silversea Media Vi\u1ec7t Nam cung c\u1ea5p m\u1ed9t b\u1ed9 gi\u1ea3i ph\u00e1p Metaverse, AR, VR to\u00e0n di\u1ec7n d\u00e0nh cho doanh nghi\u1ec7p\" \/>\n<meta property=\"og:url\" content=\"https:\/\/vn.silversea-media.com\/index.php\/lien-he\/\" \/>\n<meta property=\"og:site_name\" content=\"Silversea Media Vietnam\" \/>\n<meta property=\"article:modified_time\" content=\"2024-09-17T04:38:35+00:00\" \/>\n<meta property=\"og:image\" content=\"http:\/\/vn.silversea-media.com\/wp-content\/uploads\/2022\/06\/dl.beatsnoop.com-1652602800.jpg\" \/>\n\t<meta property=\"og:image:width\" content=\"2048\" \/>\n\t<meta property=\"og:image:height\" content=\"1365\" \/>\n\t<meta property=\"og:image:type\" content=\"image\/jpeg\" \/>\n<meta name=\"twitter:card\" content=\"summary_large_image\" \/>\n<meta name=\"twitter:label1\" content=\"Est. reading time\" \/>\n\t<meta name=\"twitter:data1\" content=\"2 minutes\" \/>\n<script type=\"application\/ld+json\" class=\"yoast-schema-graph\">{\"@context\":\"https:\/\/schema.org\",\"@graph\":[{\"@type\":\"WebPage\",\"@id\":\"https:\/\/vn.silversea-media.com\/index.php\/lien-he\/\",\"url\":\"https:\/\/vn.silversea-media.com\/index.php\/lien-he\/\",\"name\":\"Silversea Media Vietnam - \u0110\u1ed1i t\u00e1c tri\u1ec3n khai th\u1ef1c t\u1ebf \u1ea3o web vr -ar app\",\"isPartOf\":{\"@id\":\"https:\/\/vn.silversea-media.com\/#website\"},\"datePublished\":\"2017-02-07T15:05:55+00:00\",\"dateModified\":\"2024-09-17T04:38:35+00:00\",\"description\":\"Silversea Media Vi\u1ec7t Nam cung c\u1ea5p m\u1ed9t b\u1ed9 gi\u1ea3i ph\u00e1p Metaverse, AR, VR to\u00e0n di\u1ec7n d\u00e0nh cho doanh nghi\u1ec7p\",\"breadcrumb\":{\"@id\":\"https:\/\/vn.silversea-media.com\/index.php\/lien-he\/#breadcrumb\"},\"inLanguage\":\"en-US\",\"potentialAction\":[{\"@type\":\"ReadAction\",\"target\":[\"https:\/\/vn.silversea-media.com\/index.php\/lien-he\/\"]}]},{\"@type\":\"BreadcrumbList\",\"@id\":\"https:\/\/vn.silversea-media.com\/index.php\/lien-he\/#breadcrumb\",\"itemListElement\":[{\"@type\":\"ListItem\",\"position\":1,\"name\":\"Home\",\"item\":\"https:\/\/vn.silversea-media.com\/\"},{\"@type\":\"ListItem\",\"position\":2,\"name\":\"Li\u00ean H\u1ec7\"}]},{\"@type\":\"WebSite\",\"@id\":\"https:\/\/vn.silversea-media.com\/#website\",\"url\":\"https:\/\/vn.silversea-media.com\/\",\"name\":\"Silversea Media Vietnam\",\"description\":\"\",\"potentialAction\":[{\"@type\":\"SearchAction\",\"target\":{\"@type\":\"EntryPoint\",\"urlTemplate\":\"https:\/\/vn.silversea-media.com\/?s={search_term_string}\"},\"query-input\":\"required name=search_term_string\"}],\"inLanguage\":\"en-US\"}]}<\/script>\n<!-- \/ Yoast SEO plugin. -->","yoast_head_json":{"title":"Silversea Media Vietnam - \u0110\u1ed1i t\u00e1c tri\u1ec3n khai th\u1ef1c t\u1ebf \u1ea3o web vr -ar app","description":"Silversea Media Vi\u1ec7t Nam cung c\u1ea5p m\u1ed9t b\u1ed9 gi\u1ea3i ph\u00e1p Metaverse, AR, VR to\u00e0n di\u1ec7n d\u00e0nh cho doanh nghi\u1ec7p","robots":{"index":"index","follow":"follow","max-snippet":"max-snippet:-1","max-image-preview":"max-image-preview:large","max-video-preview":"max-video-preview:-1"},"canonical":"https:\/\/vn.silversea-media.com\/index.php\/lien-he\/","og_locale":"en_US","og_type":"article","og_title":"Silversea Media Vietnam - \u0110\u1ed1i t\u00e1c tri\u1ec3n khai th\u1ef1c t\u1ebf \u1ea3o web vr -ar app","og_description":"Silversea Media Vi\u1ec7t Nam cung c\u1ea5p m\u1ed9t b\u1ed9 gi\u1ea3i ph\u00e1p Metaverse, AR, VR to\u00e0n di\u1ec7n d\u00e0nh cho doanh nghi\u1ec7p","og_url":"https:\/\/vn.silversea-media.com\/index.php\/lien-he\/","og_site_name":"Silversea Media Vietnam","article_modified_time":"2024-09-17T04:38:35+00:00","og_image":[{"width":2048,"height":1365,"url":"http:\/\/vn.silversea-media.com\/wp-content\/uploads\/2022\/06\/dl.beatsnoop.com-1652602800.jpg","type":"image\/jpeg"}],"twitter_card":"summary_large_image","twitter_misc":{"Est. reading time":"2 minutes"},"schema":{"@context":"https:\/\/schema.org","@graph":[{"@type":"WebPage","@id":"https:\/\/vn.silversea-media.com\/index.php\/lien-he\/","url":"https:\/\/vn.silversea-media.com\/index.php\/lien-he\/","name":"Silversea Media Vietnam - \u0110\u1ed1i t\u00e1c tri\u1ec3n khai th\u1ef1c t\u1ebf \u1ea3o web vr -ar app","isPartOf":{"@id":"https:\/\/vn.silversea-media.com\/#website"},"datePublished":"2017-02-07T15:05:55+00:00","dateModified":"2024-09-17T04:38:35+00:00","description":"Silversea Media Vi\u1ec7t Nam cung c\u1ea5p m\u1ed9t b\u1ed9 gi\u1ea3i ph\u00e1p Metaverse, AR, VR to\u00e0n di\u1ec7n d\u00e0nh cho doanh nghi\u1ec7p","breadcrumb":{"@id":"https:\/\/vn.silversea-media.com\/index.php\/lien-he\/#breadcrumb"},"inLanguage":"en-US","potentialAction":[{"@type":"ReadAction","target":["https:\/\/vn.silversea-media.com\/index.php\/lien-he\/"]}]},{"@type":"BreadcrumbList","@id":"https:\/\/vn.silversea-media.com\/index.php\/lien-he\/#breadcrumb","itemListElement":[{"@type":"ListItem","position":1,"name":"Home","item":"https:\/\/vn.silversea-media.com\/"},{"@type":"ListItem","position":2,"name":"Li\u00ean H\u1ec7"}]},{"@type":"WebSite","@id":"https:\/\/vn.silversea-media.com\/#website","url":"https:\/\/vn.silversea-media.com\/","name":"Silversea Media Vietnam","description":"","potentialAction":[{"@type":"SearchAction","target":{"@type":"EntryPoint","urlTemplate":"https:\/\/vn.silversea-media.com\/?s={search_term_string}"},"query-input":"required name=search_term_string"}],"inLanguage":"en-US"}]}},"_links":{"self":[{"href":"https:\/\/vn.silversea-media.com\/index.php\/wp-json\/wp\/v2\/pages\/6220","targetHints":{"allow":["GET"]}}],"collection":[{"href":"https:\/\/vn.silversea-media.com\/index.php\/wp-json\/wp\/v2\/pages"}],"about":[{"href":"https:\/\/vn.silversea-media.com\/index.php\/wp-json\/wp\/v2\/types\/page"}],"author":[{"embeddable":true,"href":"https:\/\/vn.silversea-media.com\/index.php\/wp-json\/wp\/v2\/users\/1"}],"replies":[{"embeddable":true,"href":"https:\/\/vn.silversea-media.com\/index.php\/wp-json\/wp\/v2\/comments?post=6220"}],"version-history":[{"count":35,"href":"https:\/\/vn.silversea-media.com\/index.php\/wp-json\/wp\/v2\/pages\/6220\/revisions"}],"predecessor-version":[{"id":8275,"href":"https:\/\/vn.silversea-media.com\/index.php\/wp-json\/wp\/v2\/pages\/6220\/revisions\/8275"}],"wp:featuredmedia":[{"embeddable":true,"href":"https:\/\/vn.silversea-media.com\/index.php\/wp-json\/wp\/v2\/media\/6264"}],"wp:attachment":[{"href":"https:\/\/vn.silversea-media.com\/index.php\/wp-json\/wp\/v2\/media?parent=6220"}],"curies":[{"name":"wp","href":"https:\/\/api.w.org\/{rel}","templated":true}]}}