{"id":209,"date":"2017-09-01T18:44:54","date_gmt":"2017-09-01T18:44:54","guid":{"rendered":"http:\/\/themenectar.com\/demo\/salient-corporate-2\/?page_id=209"},"modified":"2022-08-14T10:16:10","modified_gmt":"2022-08-14T03:16:10","slug":"blog","status":"publish","type":"page","link":"https:\/\/vn.silversea-media.com\/index.php\/blog\/","title":{"rendered":"Tin T\u1ee9c"},"content":{"rendered":"[vc_row type=&#8221;full_width_background&#8221; full_screen_row_position=&#8221;middle&#8221; column_margin=&#8221;default&#8221; column_direction=&#8221;default&#8221; column_direction_tablet=&#8221;default&#8221; column_direction_phone=&#8221;default&#8221; scene_position=&#8221;center&#8221; top_padding=&#8221;6%&#8221; bottom_padding=&#8221;6%&#8221; text_color=&#8221;dark&#8221; text_align=&#8221;left&#8221; row_border_radius=&#8221;none&#8221; row_border_radius_applies=&#8221;bg&#8221; overflow=&#8221;visible&#8221; overlay_strength=&#8221;0.3&#8243; gradient_direction=&#8221;left_to_right&#8221; shape_divider_position=&#8221;bottom&#8221; bg_image_animation=&#8221;none&#8221; shape_type=&#8221;&#8221;][vc_column column_padding=&#8221;no-extra-padding&#8221; column_padding_tablet=&#8221;inherit&#8221; column_padding_phone=&#8221;inherit&#8221; column_padding_position=&#8221;all&#8221; column_element_spacing=&#8221;default&#8221; background_color_opacity=&#8221;1&#8243; background_hover_color_opacity=&#8221;1&#8243; column_shadow=&#8221;none&#8221; column_border_radius=&#8221;none&#8221; column_link_target=&#8221;_self&#8221; column_position=&#8221;default&#8221; gradient_direction=&#8221;left_to_right&#8221; overlay_strength=&#8221;0.3&#8243; width=&#8221;1\/1&#8243; tablet_width_inherit=&#8221;default&#8221; tablet_text_alignment=&#8221;default&#8221; phone_text_alignment=&#8221;default&#8221; animation_type=&#8221;default&#8221; bg_image_animation=&#8221;none&#8221; border_type=&#8221;simple&#8221; column_border_width=&#8221;none&#8221; column_border_style=&#8221;solid&#8221;][vc_row_inner column_margin=&#8221;default&#8221; column_direction=&#8221;default&#8221; column_direction_tablet=&#8221;default&#8221; column_direction_phone=&#8221;default&#8221; text_align=&#8221;left&#8221; row_position=&#8221;default&#8221; row_position_tablet=&#8221;inherit&#8221; row_position_phone=&#8221;inherit&#8221; overflow=&#8221;visible&#8221; pointer_events=&#8221;all&#8221;][vc_column_inner column_padding=&#8221;no-extra-padding&#8221; column_padding_tablet=&#8221;inherit&#8221; column_padding_phone=&#8221;inherit&#8221; column_padding_position=&#8221;left&#8221; column_element_spacing=&#8221;default&#8221; background_color_opacity=&#8221;1&#8243; background_hover_color_opacity=&#8221;1&#8243; column_shadow=&#8221;none&#8221; column_border_radius=&#8221;none&#8221; column_link_target=&#8221;_self&#8221; advanced_gradient_angle=&#8221;0&#8243; gradient_direction=&#8221;left_to_right&#8221; overlay_strength=&#8221;0.3&#8243; width=&#8221;1\/1&#8243; tablet_width_inherit=&#8221;default&#8221; animation_type=&#8221;default&#8221; bg_image_animation=&#8221;none&#8221; border_type=&#8221;simple&#8221; column_border_width=&#8221;none&#8221; column_border_style=&#8221;solid&#8221; gradient_type=&#8221;default&#8221;][vc_column_text css_animation=&#8221;bounceInUp&#8221; max_width=&#8221;800&#8243; css=&#8221;.vc_custom_1658552439366{margin-bottom: 40px !important;}&#8221;]\n<h1 style=\"font-family: Roboto;\"><strong>Tin T\u1ee9c m\u1edbi v\u1ec1 gi\u1ea3i ph\u00e1p th\u1ef1c t\u1ebf \u1ea3o VR-AR-MR<\/strong><\/h1>\n[\/vc_column_text][\/vc_column_inner][\/vc_row_inner][nectar_blog layout=&#8221;masonry-blog-fullwidth&#8221; blog_masonry_style=&#8221;auto_meta_overlaid_spaced&#8221; auto_masonry_spacing=&#8221;16px&#8221; load_in_animation=&#8221;none&#8221; category=&#8221;all&#8221; order=&#8221;DESC&#8221; orderby=&#8221;date&#8221; posts_per_page=&#8221;3&#8243;][\/vc_column][\/vc_row][vc_row type=&#8221;full_width_background&#8221; full_screen_row_position=&#8221;middle&#8221; column_margin=&#8221;default&#8221; column_direction=&#8221;default&#8221; column_direction_tablet=&#8221;default&#8221; column_direction_phone=&#8221;default&#8221; scene_position=&#8221;center&#8221; bottom_padding=&#8221;60&#8243; text_color=&#8221;dark&#8221; text_align=&#8221;left&#8221; row_border_radius=&#8221;none&#8221; row_border_radius_applies=&#8221;bg&#8221; overflow=&#8221;visible&#8221; overlay_strength=&#8221;0.3&#8243; gradient_direction=&#8221;left_to_right&#8221; shape_divider_position=&#8221;bottom&#8221; bg_image_animation=&#8221;none&#8221; shape_type=&#8221;&#8221;][vc_column column_padding=&#8221;no-extra-padding&#8221; column_padding_tablet=&#8221;inherit&#8221; column_padding_phone=&#8221;inherit&#8221; column_padding_position=&#8221;all&#8221; column_element_spacing=&#8221;default&#8221; background_color_opacity=&#8221;1&#8243; background_hover_color_opacity=&#8221;1&#8243; column_shadow=&#8221;none&#8221; column_border_radius=&#8221;none&#8221; column_link_target=&#8221;_self&#8221; column_position=&#8221;default&#8221; gradient_direction=&#8221;left_to_right&#8221; overlay_strength=&#8221;0.3&#8243; width=&#8221;1\/1&#8243; tablet_width_inherit=&#8221;default&#8221; tablet_text_alignment=&#8221;default&#8221; phone_text_alignment=&#8221;default&#8221; animation_type=&#8221;default&#8221; bg_image_animation=&#8221;none&#8221; border_type=&#8221;simple&#8221; column_border_width=&#8221;none&#8221; column_border_style=&#8221;solid&#8221;][recent_posts style=&#8221;single_large_featured&#8221; large_featured_padding=&#8221;8%&#8221; button_color=&#8221;Accent-Color&#8221; bg_overlay=&#8221;solid_color&#8221; category=&#8221;all&#8221; order=&#8221;DESC&#8221; orderby=&#8221;rand&#8221; image_loading=&#8221;default&#8221; blog_remove_post_date=&#8221;true&#8221; blog_remove_post_author=&#8221;true&#8221; blog_remove_post_comment_number=&#8221;true&#8221;][\/vc_column][\/vc_row][vc_row type=&#8221;in_container&#8221; full_screen_row_position=&#8221;middle&#8221; column_margin=&#8221;default&#8221; column_direction=&#8221;default&#8221; column_direction_tablet=&#8221;default&#8221; column_direction_phone=&#8221;default&#8221; scene_position=&#8221;center&#8221; bottom_padding=&#8221;30&#8243; text_color=&#8221;dark&#8221; text_align=&#8221;left&#8221; row_border_radius=&#8221;none&#8221; row_border_radius_applies=&#8221;bg&#8221; overflow=&#8221;visible&#8221; overlay_strength=&#8221;0.3&#8243; gradient_direction=&#8221;left_to_right&#8221; shape_divider_position=&#8221;bottom&#8221; bg_image_animation=&#8221;none&#8221; shape_type=&#8221;&#8221;][vc_column column_padding=&#8221;no-extra-padding&#8221; column_padding_tablet=&#8221;inherit&#8221; column_padding_phone=&#8221;inherit&#8221; column_padding_position=&#8221;all&#8221; column_element_spacing=&#8221;default&#8221; background_color_opacity=&#8221;1&#8243; background_hover_color_opacity=&#8221;1&#8243; column_shadow=&#8221;none&#8221; column_border_radius=&#8221;none&#8221; column_link_target=&#8221;_self&#8221; column_position=&#8221;default&#8221; gradient_direction=&#8221;left_to_right&#8221; overlay_strength=&#8221;0.3&#8243; width=&#8221;1\/1&#8243; tablet_width_inherit=&#8221;default&#8221; tablet_text_alignment=&#8221;default&#8221; phone_text_alignment=&#8221;default&#8221; animation_type=&#8221;default&#8221; bg_image_animation=&#8221;none&#8221; border_type=&#8221;simple&#8221; column_border_width=&#8221;none&#8221; column_border_style=&#8221;solid&#8221;][nectar_blog layout=&#8221;std-blog-sidebar&#8221; blog_standard_style=&#8221;featured_img_left&#8221; enable_ss=&#8221;true&#8221; load_in_animation=&#8221;fade_in_from_bottom&#8221; category=&#8221;all&#8221; enable_pagination=&#8221;true&#8221; pagination_type=&#8221;default&#8221; order=&#8221;DESC&#8221; orderby=&#8221;date&#8221; posts_per_page=&#8221;8&#8243;][\/vc_column][\/vc_row]\n","protected":false},"excerpt":{"rendered":"<p>[vc_row type=&#8221;full_width_background&#8221; full_screen_row_position=&#8221;middle&#8221; column_margin=&#8221;default&#8221; column_direction=&#8221;default&#8221; column_direction_tablet=&#8221;default&#8221; column_direction_phone=&#8221;default&#8221; scene_position=&#8221;center&#8221; top_padding=&#8221;6%&#8221; bottom_padding=&#8221;6%&#8221; text_color=&#8221;dark&#8221; text_align=&#8221;left&#8221; row_border_radius=&#8221;none&#8221; row_border_radius_applies=&#8221;bg&#8221; overflow=&#8221;visible&#8221; overlay_strength=&#8221;0.3&#8243; gradient_direction=&#8221;left_to_right&#8221; shape_divider_position=&#8221;bottom&#8221; bg_image_animation=&#8221;none&#8221; shape_type=&#8221;&#8221;][vc_column column_padding=&#8221;no-extra-padding&#8221; column_padding_tablet=&#8221;inherit&#8221; column_padding_phone=&#8221;inherit&#8221; column_padding_position=&#8221;all&#8221; column_element_spacing=&#8221;default&#8221; background_color_opacity=&#8221;1&#8243; background_hover_color_opacity=&#8221;1&#8243; column_shadow=&#8221;none&#8221; column_border_radius=&#8221;none&#8221; column_link_target=&#8221;_self&#8221;&#8230;<\/p>\n","protected":false},"author":1,"featured_media":0,"parent":0,"menu_order":0,"comment_status":"closed","ping_status":"closed","template":"","meta":{"footnotes":""},"class_list":["post-209","page","type-page","status-publish"],"yoast_head":"<!-- This site is optimized with the Yoast SEO plugin v20.11 - https:\/\/yoast.com\/wordpress\/plugins\/seo\/ -->\n<title>Tin T\u1ee9c - Silversea Media Vietnam<\/title>\n<meta name=\"description\" content=\"Tin t\u1ee9c c\u1eadp nh\u1eadt m\u1edbi nh\u1ea5t v\u1ec1 c\u00f4ng ngh\u1ec7 th\u1ef1c t\u1ebf \u1ea3o VR- AR, gi\u1ea3i ph\u00e1p v\u1ec1 vrtour cho nh\u00e0 m\u00e1y, khu c\u00f4ng nghi\u1ec7p, s\u1ef1 ki\u1ec7n tri\u1ec5n l\u00e3m, khu d\u1ef1 \u00e1n bds\" \/>\n<meta name=\"robots\" content=\"index, follow, max-snippet:-1, max-image-preview:large, max-video-preview:-1\" \/>\n<link rel=\"canonical\" href=\"https:\/\/vn.silversea-media.com\/index.php\/blog\/\" \/>\n<meta property=\"og:locale\" content=\"en_US\" \/>\n<meta property=\"og:type\" content=\"article\" \/>\n<meta property=\"og:title\" content=\"Tin T\u1ee9c - Silversea Media Vietnam\" \/>\n<meta property=\"og:description\" content=\"Tin t\u1ee9c c\u1eadp nh\u1eadt m\u1edbi nh\u1ea5t v\u1ec1 c\u00f4ng ngh\u1ec7 th\u1ef1c t\u1ebf \u1ea3o VR- AR, gi\u1ea3i ph\u00e1p v\u1ec1 vrtour cho nh\u00e0 m\u00e1y, khu c\u00f4ng nghi\u1ec7p, s\u1ef1 ki\u1ec7n tri\u1ec5n l\u00e3m, khu d\u1ef1 \u00e1n bds\" \/>\n<meta property=\"og:url\" content=\"https:\/\/vn.silversea-media.com\/index.php\/blog\/\" \/>\n<meta property=\"og:site_name\" content=\"Silversea Media Vietnam\" \/>\n<meta property=\"article:modified_time\" content=\"2022-08-14T03:16:10+00:00\" \/>\n<meta name=\"twitter:card\" content=\"summary_large_image\" \/>\n<meta name=\"twitter:label1\" content=\"Est. reading time\" \/>\n\t<meta name=\"twitter:data1\" content=\"2 minutes\" \/>\n<script type=\"application\/ld+json\" class=\"yoast-schema-graph\">{\"@context\":\"https:\/\/schema.org\",\"@graph\":[{\"@type\":\"WebPage\",\"@id\":\"https:\/\/vn.silversea-media.com\/index.php\/blog\/\",\"url\":\"https:\/\/vn.silversea-media.com\/index.php\/blog\/\",\"name\":\"Tin T\u1ee9c - Silversea Media Vietnam\",\"isPartOf\":{\"@id\":\"https:\/\/vn.silversea-media.com\/#website\"},\"datePublished\":\"2017-09-01T18:44:54+00:00\",\"dateModified\":\"2022-08-14T03:16:10+00:00\",\"description\":\"Tin t\u1ee9c c\u1eadp nh\u1eadt m\u1edbi nh\u1ea5t v\u1ec1 c\u00f4ng ngh\u1ec7 th\u1ef1c t\u1ebf \u1ea3o VR- AR, gi\u1ea3i ph\u00e1p v\u1ec1 vrtour cho nh\u00e0 m\u00e1y, khu c\u00f4ng nghi\u1ec7p, s\u1ef1 ki\u1ec7n tri\u1ec5n l\u00e3m, khu d\u1ef1 \u00e1n bds\",\"breadcrumb\":{\"@id\":\"https:\/\/vn.silversea-media.com\/index.php\/blog\/#breadcrumb\"},\"inLanguage\":\"en-US\",\"potentialAction\":[{\"@type\":\"ReadAction\",\"target\":[\"https:\/\/vn.silversea-media.com\/index.php\/blog\/\"]}]},{\"@type\":\"BreadcrumbList\",\"@id\":\"https:\/\/vn.silversea-media.com\/index.php\/blog\/#breadcrumb\",\"itemListElement\":[{\"@type\":\"ListItem\",\"position\":1,\"name\":\"Home\",\"item\":\"https:\/\/vn.silversea-media.com\/\"},{\"@type\":\"ListItem\",\"position\":2,\"name\":\"Tin T\u1ee9c\"}]},{\"@type\":\"WebSite\",\"@id\":\"https:\/\/vn.silversea-media.com\/#website\",\"url\":\"https:\/\/vn.silversea-media.com\/\",\"name\":\"Silversea Media Vietnam\",\"description\":\"\",\"potentialAction\":[{\"@type\":\"SearchAction\",\"target\":{\"@type\":\"EntryPoint\",\"urlTemplate\":\"https:\/\/vn.silversea-media.com\/?s={search_term_string}\"},\"query-input\":\"required name=search_term_string\"}],\"inLanguage\":\"en-US\"}]}<\/script>\n<!-- \/ Yoast SEO plugin. -->","yoast_head_json":{"title":"Tin T\u1ee9c - Silversea Media Vietnam","description":"Tin t\u1ee9c c\u1eadp nh\u1eadt m\u1edbi nh\u1ea5t v\u1ec1 c\u00f4ng ngh\u1ec7 th\u1ef1c t\u1ebf \u1ea3o VR- AR, gi\u1ea3i ph\u00e1p v\u1ec1 vrtour cho nh\u00e0 m\u00e1y, khu c\u00f4ng nghi\u1ec7p, s\u1ef1 ki\u1ec7n tri\u1ec5n l\u00e3m, khu d\u1ef1 \u00e1n bds","robots":{"index":"index","follow":"follow","max-snippet":"max-snippet:-1","max-image-preview":"max-image-preview:large","max-video-preview":"max-video-preview:-1"},"canonical":"https:\/\/vn.silversea-media.com\/index.php\/blog\/","og_locale":"en_US","og_type":"article","og_title":"Tin T\u1ee9c - Silversea Media Vietnam","og_description":"Tin t\u1ee9c c\u1eadp nh\u1eadt m\u1edbi nh\u1ea5t v\u1ec1 c\u00f4ng ngh\u1ec7 th\u1ef1c t\u1ebf \u1ea3o VR- AR, gi\u1ea3i ph\u00e1p v\u1ec1 vrtour cho nh\u00e0 m\u00e1y, khu c\u00f4ng nghi\u1ec7p, s\u1ef1 ki\u1ec7n tri\u1ec5n l\u00e3m, khu d\u1ef1 \u00e1n bds","og_url":"https:\/\/vn.silversea-media.com\/index.php\/blog\/","og_site_name":"Silversea Media Vietnam","article_modified_time":"2022-08-14T03:16:10+00:00","twitter_card":"summary_large_image","twitter_misc":{"Est. reading time":"2 minutes"},"schema":{"@context":"https:\/\/schema.org","@graph":[{"@type":"WebPage","@id":"https:\/\/vn.silversea-media.com\/index.php\/blog\/","url":"https:\/\/vn.silversea-media.com\/index.php\/blog\/","name":"Tin T\u1ee9c - Silversea Media Vietnam","isPartOf":{"@id":"https:\/\/vn.silversea-media.com\/#website"},"datePublished":"2017-09-01T18:44:54+00:00","dateModified":"2022-08-14T03:16:10+00:00","description":"Tin t\u1ee9c c\u1eadp nh\u1eadt m\u1edbi nh\u1ea5t v\u1ec1 c\u00f4ng ngh\u1ec7 th\u1ef1c t\u1ebf \u1ea3o VR- AR, gi\u1ea3i ph\u00e1p v\u1ec1 vrtour cho nh\u00e0 m\u00e1y, khu c\u00f4ng nghi\u1ec7p, s\u1ef1 ki\u1ec7n tri\u1ec5n l\u00e3m, khu d\u1ef1 \u00e1n bds","breadcrumb":{"@id":"https:\/\/vn.silversea-media.com\/index.php\/blog\/#breadcrumb"},"inLanguage":"en-US","potentialAction":[{"@type":"ReadAction","target":["https:\/\/vn.silversea-media.com\/index.php\/blog\/"]}]},{"@type":"BreadcrumbList","@id":"https:\/\/vn.silversea-media.com\/index.php\/blog\/#breadcrumb","itemListElement":[{"@type":"ListItem","position":1,"name":"Home","item":"https:\/\/vn.silversea-media.com\/"},{"@type":"ListItem","position":2,"name":"Tin T\u1ee9c"}]},{"@type":"WebSite","@id":"https:\/\/vn.silversea-media.com\/#website","url":"https:\/\/vn.silversea-media.com\/","name":"Silversea Media Vietnam","description":"","potentialAction":[{"@type":"SearchAction","target":{"@type":"EntryPoint","urlTemplate":"https:\/\/vn.silversea-media.com\/?s={search_term_string}"},"query-input":"required name=search_term_string"}],"inLanguage":"en-US"}]}},"_links":{"self":[{"href":"https:\/\/vn.silversea-media.com\/index.php\/wp-json\/wp\/v2\/pages\/209","targetHints":{"allow":["GET"]}}],"collection":[{"href":"https:\/\/vn.silversea-media.com\/index.php\/wp-json\/wp\/v2\/pages"}],"about":[{"href":"https:\/\/vn.silversea-media.com\/index.php\/wp-json\/wp\/v2\/types\/page"}],"author":[{"embeddable":true,"href":"https:\/\/vn.silversea-media.com\/index.php\/wp-json\/wp\/v2\/users\/1"}],"replies":[{"embeddable":true,"href":"https:\/\/vn.silversea-media.com\/index.php\/wp-json\/wp\/v2\/comments?post=209"}],"version-history":[{"count":3,"href":"https:\/\/vn.silversea-media.com\/index.php\/wp-json\/wp\/v2\/pages\/209\/revisions"}],"predecessor-version":[{"id":6723,"href":"https:\/\/vn.silversea-media.com\/index.php\/wp-json\/wp\/v2\/pages\/209\/revisions\/6723"}],"wp:attachment":[{"href":"https:\/\/vn.silversea-media.com\/index.php\/wp-json\/wp\/v2\/media?parent=209"}],"curies":[{"name":"wp","href":"https:\/\/api.w.org\/{rel}","templated":true}]}}